{"id":1136,"date":"2025-12-12T14:21:03","date_gmt":"2025-12-12T13:21:03","guid":{"rendered":"https:\/\/www.gpas.at\/?page_id=1136"},"modified":"2026-03-30T11:53:34","modified_gmt":"2026-03-30T09:53:34","slug":"der-beirat","status":"publish","type":"page","link":"https:\/\/www.gpas.at\/?page_id=1136","title":{"rendered":"Wissenschaftliche Beirat"},"content":{"rendered":"\n<p>Als unabh\u00e4ngiges Organ ber\u00e4t und unterst\u00fctzt der Stiftungsbeirat den Stiftungsvorstand bei der Verwirklichung der Stiftungsziele. Insbesondere ist der Stiftungsbeirat mit der Begleitung und Planung des j\u00e4hrlichen\u00a0Kultur- und Dialogprogramms der Stiftung betraut.<\/p>\n\n\n\n<p><strong>Mitglieder des Beirats der Anas Schakfeh Stiftung:<\/strong><\/p>\n\n\n\n<ol class=\"wp-block-list\">\n<li>Dr. Hannes Swoboda, Amtsf\u00fchrender Stadtrat d. Stadt Wien a.D., ehem. Mitglied des Europ\u00e4ischen Parlaments (Vorsitzender)<\/li>\n\n\n\n<li>Dr. Amani Abuzahra, Philosophin (Co-Vorsitzende)<\/li>\n\n\n\n<li>Mag. Friedrich Baldinger, Steuerberater, Wirtschaftspr\u00fcfer<\/li>\n\n\n\n<li>Dr. Werner Fasslabend, Bundesminister a.D., ehem. 2. Pr\u00e4sident des \u00d6NR<\/li>\n\n\n\n<li>Doz. DDr. Karl Klement, Unterrichtswissenschaftler<\/li>\n\n\n\n<li>Prof. Dr. Harald Meixner, Ehrensenator der Technischen Universit\u00e4t Wien<\/li>\n\n\n\n<li>Dr. Jasmin Omar, \u00c4rztin f\u00fcr Allgemeinmedizin<\/li>\n\n\n\n<li>Anas Schakfeh, ehem. Pr\u00e4sident der IGGi\u00d6<\/li>\n\n\n\n<li>Rania Schakfeh BA., Pressesprecherin der Anas Schakfeh Stiftung<\/li>\n\n\n\n<li>Dr. Kurt Scholz, ehem. Pr\u00e4sident des Wiener Stadtschulrates<\/li>\n\n\n\n<li>Mag. Amena Shakir, Leiterin der Forschungsstelle Islam und Muslim*innen in Europa (IFIME) an der SFU<\/li>\n\n\n\n<li>Botschafter Andreas Stadler, \u00f6sterreichische Botschaft Warschau<\/li>\n\n\n\n<li>Mag. Anna Steiger, Kanzlerin der Universit\u00e4t Stuttgart<\/li>\n\n\n\n<li>Mag. Selma Turgut, Gesch\u00e4ftsf\u00fchrerin der Stiftung (Schriftf\u00fchrerin)<\/li>\n<\/ol>\n\n\n\n<p><\/p>\n\n\n\n<p><\/p>\n\n\n\n<p><strong>Die Anf\u00e4nge des wissenschaftlichen Beirats:<\/strong><\/p>\n\n\n\n<p>Der wissenschaftliche Beirat der Gemeinn\u00fctzigen Privatstiftung Anas Schakfeh wurde im Sommer 2018 durch den Stiftungsvorstand ins Leben gerufen. Dieser unterst\u00fctzt seither den Vorstand. Der Beirat kommt zusammen, um insbesondere das j\u00e4hrliche Kultur- und Dialogprogramms der Stiftung zu planen und Schwerpunkte zu setzen.<\/p>\n\n\n\n<p>Den ersten wissenschaftlichen Beirat bildeten unter dem Vorsitz von Prof. Dr. Susanne Heine folgende ehrenwerte Personen:<\/p>\n\n\n\n<p><strong>Erste Mitglieder des Beirats der Anas Schakfeh Stiftung<\/strong><\/p>\n\n\n\n<ol start=\"1\" class=\"wp-block-list\">\n<li>Dr. Hannes Swoboda, Amtsf\u00fchrender Stadtrat d. Stadt Wien a.D., ehem. Mitglied des Europ\u00e4ischen Parlaments<\/li>\n\n\n\n<li>Dr. Amani Abuzahra, Philosophin<\/li>\n\n\n\n<li>Mag. Friedrich Baldinger, Steuerberater, Wirtschaftspr\u00fcfer<\/li>\n\n\n\n<li>Dr. Werner Fasslabend, Bundesminister a.D., ehem. 2. Pr\u00e4sident des \u00d6NR<\/li>\n\n\n\n<li>Mag. Brigitte Handlos, ehem. ORF Ressortleiterin Chronik Fernsehen<\/li>\n\n\n\n<li>Prof. Dr. Susanne Heine, evangelische Theologin (Vorsitzende)<\/li>\n\n\n\n<li>Doz. DDr. Karl Klement, Unterrichtswissenschaftler<\/li>\n\n\n\n<li>Max Kothbauer, ehem. Vorsitzender des Universit\u00e4tsrates der Univ. Wien, ehem. Vizepr\u00e4sident der \u00d6NB<\/li>\n\n\n\n<li>Prof. Heinz Nu\u00dfbaumer, Herausgeber der Furche<\/li>\n\n\n\n<li>Dr. Jasmin Omar, \u00c4rztin f\u00fcr Allgemeinmedizin<\/li>\n\n\n\n<li>Anas Schakfeh, ehem. Pr\u00e4sident der IGGi\u00d6<\/li>\n\n\n\n<li>Rania Schakfeh BA., Pressesprecherin der Anas Schakfeh Stiftung<\/li>\n\n\n\n<li>Dr. Kurt Scholz, ehem. Pr\u00e4sident des Wiener Stadtschulrates<\/li>\n\n\n\n<li>Andreas Stadler, BMEIA, OSCE<\/li>\n\n\n\n<li>Prof. DDr. Peter St\u00f6ger, Erziehungswissenschaftler<\/li>\n\n\n\n<li>Mag. Selma Turgut, Gesch\u00e4ftsf\u00fchrerin der Stiftung (Schriftf\u00fchrerin)<\/li>\n<\/ol>\n","protected":false},"excerpt":{"rendered":"<p>Als unabh\u00e4ngiges Organ ber\u00e4t und unterst\u00fctzt der Stiftungsbeirat den Stiftungsvorstand bei der Verwirklichung der Stiftungsziele. Insbesondere ist der Stiftungsbeirat mit der Begleitung und Planung des j\u00e4hrlichen\u00a0Kultur- und Dialogprogramms der Stiftung betraut. Mitglieder des Beirats der &#8230; <a href=\"https:\/\/www.gpas.at\/?page_id=1136\" class=\"more-link\">Read More<\/a><\/p>\n","protected":false},"author":1,"featured_media":0,"parent":0,"menu_order":0,"comment_status":"closed","ping_status":"closed","template":"","meta":{"ngg_post_thumbnail":0,"footnotes":""},"class_list":["post-1136","page","type-page","status-publish","hentry","no-post-thumbnail"],"_links":{"self":[{"href":"https:\/\/www.gpas.at\/index.php?rest_route=\/wp\/v2\/pages\/1136"}],"collection":[{"href":"https:\/\/www.gpas.at\/index.php?rest_route=\/wp\/v2\/pages"}],"about":[{"href":"https:\/\/www.gpas.at\/index.php?rest_route=\/wp\/v2\/types\/page"}],"author":[{"embeddable":true,"href":"https:\/\/www.gpas.at\/index.php?rest_route=\/wp\/v2\/users\/1"}],"replies":[{"embeddable":true,"href":"https:\/\/www.gpas.at\/index.php?rest_route=%2Fwp%2Fv2%2Fcomments&post=1136"}],"version-history":[{"count":3,"href":"https:\/\/www.gpas.at\/index.php?rest_route=\/wp\/v2\/pages\/1136\/revisions"}],"predecessor-version":[{"id":1145,"href":"https:\/\/www.gpas.at\/index.php?rest_route=\/wp\/v2\/pages\/1136\/revisions\/1145"}],"wp:attachment":[{"href":"https:\/\/www.gpas.at\/index.php?rest_route=%2Fwp%2Fv2%2Fmedia&parent=1136"}],"curies":[{"name":"wp","href":"https:\/\/api.w.org\/{rel}","templated":true}]}}