{"id":140,"date":"2017-12-26T22:58:05","date_gmt":"2017-12-26T21:58:05","guid":{"rendered":"http:\/\/test.gpas.at\/?page_id=140"},"modified":"2025-12-12T14:17:58","modified_gmt":"2025-12-12T13:17:58","slug":"ueber-uns-2","status":"publish","type":"page","link":"https:\/\/www.gpas.at\/?page_id=140","title":{"rendered":"Wer wir sind"},"content":{"rendered":"<p>Die Anas Schakfeh Privatstiftung ist eine nicht auf Gewinn ausgerichtete Organisation, die sich der Erwachsenenbildung und der V\u00f6lkerverst\u00e4ndigung widmet. All dies insbesondere hinsichtlich<\/p>\n<ul>\n<li>des Kulturaustausches und der F\u00fchrung des offenen interkulturellen Dialogs,<\/li>\n<li>der F\u00f6rderung des demokratischen Verst\u00e4ndnisses,<\/li>\n<li>der F\u00f6rderung von Frauen und anderen benachteiligten Gruppen in der Gesellschaft,<\/li>\n<li>der gesellschaftlichen, wissenschaftlichen und kulturellen Partizipation von B\u00fcrgerinnen und B\u00fcrgern in \u00d6sterreich,<\/li>\n<li>der F\u00f6rderung der Partizipationschancen von in \u00d6sterreich ans\u00e4ssigen Menschen mit kulturell vielf\u00e4ltigem Hintergrund<\/li>\n<\/ul>\n<p>Durch Wahrnehmen dieser Aufgaben wird das friedliche Zusammenleben in unserem Land sowie das Wohl der Allgemeinheit gef\u00f6rdert. Erreicht wird der Zweck auch durch die Gr\u00fcndung von Einrichtungen, welche der Bildung dienen und durch Planung, Organisation, Koordination und Durchf\u00fchrung von Veranstaltungen und Projekten, die den genannten Zielen sowie dem Kulturaustauch dienen. Ausdr\u00fccklich nicht vom Stiftungszweck erfasst ist die Verbreitung der islamischen Religionslehre.<\/p>\n<p>&nbsp;<\/p>\n<div class=\"mceTemp\">\n<div id=\"attachment_274\" style=\"width: 310px\" class=\"wp-caption alignleft\"><img fetchpriority=\"high\" decoding=\"async\" aria-describedby=\"caption-attachment-274\" class=\"wp-image-274 size-medium\" src=\"https:\/\/www.gpas.at\/wp-content\/uploads\/2018\/03\/4_geb\u00e4ude1-300x200.jpg\" alt=\"\" width=\"300\" height=\"200\" srcset=\"https:\/\/www.gpas.at\/wp-content\/uploads\/2018\/03\/4_geb\u00e4ude1-300x200.jpg 300w, https:\/\/www.gpas.at\/wp-content\/uploads\/2018\/03\/4_geb\u00e4ude1-768x511.jpg 768w, https:\/\/www.gpas.at\/wp-content\/uploads\/2018\/03\/4_geb\u00e4ude1-1024x681.jpg 1024w, https:\/\/www.gpas.at\/wp-content\/uploads\/2018\/03\/4_geb\u00e4ude1-100x67.jpg 100w, https:\/\/www.gpas.at\/wp-content\/uploads\/2018\/03\/4_geb\u00e4ude1-865x576.jpg 865w, https:\/\/www.gpas.at\/wp-content\/uploads\/2018\/03\/4_geb\u00e4ude1-1154x768.jpg 1154w\" sizes=\"(max-width: 300px) 100vw, 300px\" \/><p id=\"caption-attachment-274\" class=\"wp-caption-text\">Stiftungssitz<\/p><\/div>\n<div id=\"attachment_292\" style=\"width: 310px\" class=\"wp-caption alignleft\"><img decoding=\"async\" aria-describedby=\"caption-attachment-292\" class=\"wp-image-292 size-medium\" src=\"https:\/\/www.gpas.at\/wp-content\/uploads\/2018\/03\/DSC_7920-300x200.jpg\" alt=\"\" width=\"300\" height=\"200\" srcset=\"https:\/\/www.gpas.at\/wp-content\/uploads\/2018\/03\/DSC_7920-300x200.jpg 300w, https:\/\/www.gpas.at\/wp-content\/uploads\/2018\/03\/DSC_7920-768x513.jpg 768w, https:\/\/www.gpas.at\/wp-content\/uploads\/2018\/03\/DSC_7920-1024x683.jpg 1024w, https:\/\/www.gpas.at\/wp-content\/uploads\/2018\/03\/DSC_7920-100x67.jpg 100w, https:\/\/www.gpas.at\/wp-content\/uploads\/2018\/03\/DSC_7920-865x577.jpg 865w, https:\/\/www.gpas.at\/wp-content\/uploads\/2018\/03\/DSC_7920-1154x770.jpg 1154w\" sizes=\"(max-width: 300px) 100vw, 300px\" \/><p id=\"caption-attachment-292\" class=\"wp-caption-text\">Festsaal<\/p><\/div>\n<div id=\"attachment_166\" style=\"width: 310px\" class=\"wp-caption alignleft\"><img decoding=\"async\" aria-describedby=\"caption-attachment-166\" class=\"wp-image-166 size-medium\" src=\"https:\/\/www.gpas.at\/wp-content\/uploads\/2017\/12\/Fotos_Stiftung_IRPA_Kindergarten-31-300x200.jpg\" alt=\"\" width=\"300\" height=\"200\" srcset=\"https:\/\/www.gpas.at\/wp-content\/uploads\/2017\/12\/Fotos_Stiftung_IRPA_Kindergarten-31-300x200.jpg 300w, https:\/\/www.gpas.at\/wp-content\/uploads\/2017\/12\/Fotos_Stiftung_IRPA_Kindergarten-31-768x511.jpg 768w, https:\/\/www.gpas.at\/wp-content\/uploads\/2017\/12\/Fotos_Stiftung_IRPA_Kindergarten-31-1024x681.jpg 1024w, https:\/\/www.gpas.at\/wp-content\/uploads\/2017\/12\/Fotos_Stiftung_IRPA_Kindergarten-31-100x67.jpg 100w, https:\/\/www.gpas.at\/wp-content\/uploads\/2017\/12\/Fotos_Stiftung_IRPA_Kindergarten-31-865x576.jpg 865w, https:\/\/www.gpas.at\/wp-content\/uploads\/2017\/12\/Fotos_Stiftung_IRPA_Kindergarten-31-1154x768.jpg 1154w\" sizes=\"(max-width: 300px) 100vw, 300px\" \/><p id=\"caption-attachment-166\" class=\"wp-caption-text\">Empfangsraum<\/p><\/div>\n<div class=\"mceTemp\">&nbsp;<\/div>\n<p>&nbsp;<\/p>\n<\/div>\n<div class=\"mceTemp\">&nbsp;<\/div>\n<div class=\"mceTemp\">&nbsp;<\/div>\n","protected":false},"excerpt":{"rendered":"<p>Die Anas Schakfeh Privatstiftung ist eine nicht auf Gewinn ausgerichtete Organisation, die sich der Erwachsenenbildung und der V\u00f6lkerverst\u00e4ndigung widmet. All dies insbesondere hinsichtlich des Kulturaustausches und der F\u00fchrung des offenen interkulturellen Dialogs, der F\u00f6rderung des &#8230; <a href=\"https:\/\/www.gpas.at\/?page_id=140\" class=\"more-link\">Read More<\/a><\/p>\n","protected":false},"author":1,"featured_media":0,"parent":0,"menu_order":0,"comment_status":"closed","ping_status":"closed","template":"","meta":{"ngg_post_thumbnail":0,"footnotes":""},"class_list":["post-140","page","type-page","status-publish","hentry","no-post-thumbnail"],"_links":{"self":[{"href":"https:\/\/www.gpas.at\/index.php?rest_route=\/wp\/v2\/pages\/140"}],"collection":[{"href":"https:\/\/www.gpas.at\/index.php?rest_route=\/wp\/v2\/pages"}],"about":[{"href":"https:\/\/www.gpas.at\/index.php?rest_route=\/wp\/v2\/types\/page"}],"author":[{"embeddable":true,"href":"https:\/\/www.gpas.at\/index.php?rest_route=\/wp\/v2\/users\/1"}],"replies":[{"embeddable":true,"href":"https:\/\/www.gpas.at\/index.php?rest_route=%2Fwp%2Fv2%2Fcomments&post=140"}],"version-history":[{"count":10,"href":"https:\/\/www.gpas.at\/index.php?rest_route=\/wp\/v2\/pages\/140\/revisions"}],"predecessor-version":[{"id":1132,"href":"https:\/\/www.gpas.at\/index.php?rest_route=\/wp\/v2\/pages\/140\/revisions\/1132"}],"wp:attachment":[{"href":"https:\/\/www.gpas.at\/index.php?rest_route=%2Fwp%2Fv2%2Fmedia&parent=140"}],"curies":[{"name":"wp","href":"https:\/\/api.w.org\/{rel}","templated":true}]}}