{"id":149,"date":"2017-12-26T23:24:33","date_gmt":"2017-12-26T22:24:33","guid":{"rendered":"http:\/\/test.gpas.at\/?page_id=149"},"modified":"2018-11-28T15:42:26","modified_gmt":"2018-11-28T14:42:26","slug":"kunstsammlung","status":"publish","type":"page","link":"https:\/\/www.gpas.at\/?page_id=149","title":{"rendered":"Kunstsammlung"},"content":{"rendered":"<p>Im Jahr 2014 begann die Anas Schakfeh Stiftung mit dem Projekt, Kunstobjekte aus dem islamischen Kulturkreis zu sammeln, zu klassifizieren und auszustellen. Damit sollen muslimische Kunst und Geschichte sichtbar und erlebbar und die M\u00f6glichkeit er\u00f6ffnet werden, den Islam und MuslimInnen aus einer anderen, vielf\u00e4ltigen Perspektive kennenzulernen. Die Sammlung in der Stiftung ist ein erster Schritt zur Errichtung eines islamischen Museums in Wien. Mitte Mai (2014) wurde sie mit dem Besuch von Bundespr\u00e4sident Dr. Heinz Fischer er\u00f6ffnet und damit erstmals der \u00d6ffentlichkeit zug\u00e4nglich gemacht. Herzst\u00fcck der Sammlung sind diverse Objekte, die aus der Zeit des B\u00fcndnisses zwischen der k.u.k. Monarchie und dem Osmanischen Reich stammen.<\/p>\n<p>Die Anas Schakfeh Stiftung fungierte mit ihrer Sammlung auch als Leihgeberin verschiedener Kunstobjekte f\u00fcr unterschiedliche \u00f6sterreichische Ausstellungen und Museen. So lieh die Stiftung etwa im Jahre 2012 der \u201eWUNDER\u201c-Ausstellung der Kunsthalle Krems einen handgeschriebenen Quran aus dem 18. Jahrhundert.<\/p>\n<p>&nbsp;<\/p>\n<p><a href=\"https:\/\/www.gpas.at\/wp-content\/uploads\/2018\/11\/exponate.pdf\">ausgew\u00e4hlte Exponate &gt;&gt;&gt;<\/a><\/p>\n<p>&nbsp;<\/p>\n<p>&nbsp;<\/p>\n","protected":false},"excerpt":{"rendered":"<p>Im Jahr 2014 begann die Anas Schakfeh Stiftung mit dem Projekt, Kunstobjekte aus dem islamischen Kulturkreis zu sammeln, zu klassifizieren und auszustellen. Damit sollen muslimische Kunst und Geschichte sichtbar und erlebbar und die M\u00f6glichkeit er\u00f6ffnet &#8230; <a href=\"https:\/\/www.gpas.at\/?page_id=149\" class=\"more-link\">Read More<\/a><\/p>\n","protected":false},"author":1,"featured_media":202,"parent":0,"menu_order":0,"comment_status":"closed","ping_status":"closed","template":"","meta":{"ngg_post_thumbnail":0,"footnotes":""},"class_list":["post-149","page","type-page","status-publish","has-post-thumbnail","hentry"],"_links":{"self":[{"href":"https:\/\/www.gpas.at\/index.php?rest_route=\/wp\/v2\/pages\/149"}],"collection":[{"href":"https:\/\/www.gpas.at\/index.php?rest_route=\/wp\/v2\/pages"}],"about":[{"href":"https:\/\/www.gpas.at\/index.php?rest_route=\/wp\/v2\/types\/page"}],"author":[{"embeddable":true,"href":"https:\/\/www.gpas.at\/index.php?rest_route=\/wp\/v2\/users\/1"}],"replies":[{"embeddable":true,"href":"https:\/\/www.gpas.at\/index.php?rest_route=%2Fwp%2Fv2%2Fcomments&post=149"}],"version-history":[{"count":10,"href":"https:\/\/www.gpas.at\/index.php?rest_route=\/wp\/v2\/pages\/149\/revisions"}],"predecessor-version":[{"id":465,"href":"https:\/\/www.gpas.at\/index.php?rest_route=\/wp\/v2\/pages\/149\/revisions\/465"}],"wp:featuredmedia":[{"embeddable":true,"href":"https:\/\/www.gpas.at\/index.php?rest_route=\/wp\/v2\/media\/202"}],"wp:attachment":[{"href":"https:\/\/www.gpas.at\/index.php?rest_route=%2Fwp%2Fv2%2Fmedia&parent=149"}],"curies":[{"name":"wp","href":"https:\/\/api.w.org\/{rel}","templated":true}]}}