{"id":251,"date":"2018-02-18T16:03:30","date_gmt":"2018-02-18T15:03:30","guid":{"rendered":"http:\/\/test.gpas.at\/?page_id=251"},"modified":"2018-02-18T16:03:30","modified_gmt":"2018-02-18T15:03:30","slug":"projekte","status":"publish","type":"page","link":"https:\/\/www.gpas.at\/?page_id=251","title":{"rendered":"Projekte"},"content":{"rendered":"<p>Die Privatstiftung f\u00f6rdert und initiiert Projekte und Aktivit\u00e4ten zur<\/p>\n<ul>\n<li>F\u00f6rderung von Erwachsenenbildung und von Bildungseinrichtungen in \u00d6sterreich,<\/li>\n<li>Durchf\u00fchrung von Forschungs- und Bildungsprojekten,<\/li>\n<li>Durchf\u00fchrung von Tagungen und Konferenzen,<\/li>\n<li>Durchf\u00fchrung der Aus- und Weiterbildung von kulturell, sozial und karitativ ausgerichteten Personen, die den Kulturaustausch im Sinne der V\u00f6lkerverst\u00e4ndigung f\u00f6rdern und<\/li>\n<li>direkten und unmittelbaren F\u00f6rderung von Einrichtungen, Initiativen und Projekten, die dem Stiftungszweck entsprechen.<\/li>\n<\/ul>\n","protected":false},"excerpt":{"rendered":"<p>Die Privatstiftung f\u00f6rdert und initiiert Projekte und Aktivit\u00e4ten zur F\u00f6rderung von Erwachsenenbildung und von Bildungseinrichtungen in \u00d6sterreich, Durchf\u00fchrung von Forschungs- und Bildungsprojekten, Durchf\u00fchrung von Tagungen und Konferenzen, Durchf\u00fchrung der Aus- und Weiterbildung von kulturell, sozial &#8230; <a href=\"https:\/\/www.gpas.at\/?page_id=251\" class=\"more-link\">Read More<\/a><\/p>\n","protected":false},"author":1,"featured_media":0,"parent":0,"menu_order":0,"comment_status":"closed","ping_status":"closed","template":"","meta":{"ngg_post_thumbnail":0,"footnotes":""},"class_list":["post-251","page","type-page","status-publish","hentry","no-post-thumbnail"],"_links":{"self":[{"href":"https:\/\/www.gpas.at\/index.php?rest_route=\/wp\/v2\/pages\/251"}],"collection":[{"href":"https:\/\/www.gpas.at\/index.php?rest_route=\/wp\/v2\/pages"}],"about":[{"href":"https:\/\/www.gpas.at\/index.php?rest_route=\/wp\/v2\/types\/page"}],"author":[{"embeddable":true,"href":"https:\/\/www.gpas.at\/index.php?rest_route=\/wp\/v2\/users\/1"}],"replies":[{"embeddable":true,"href":"https:\/\/www.gpas.at\/index.php?rest_route=%2Fwp%2Fv2%2Fcomments&post=251"}],"version-history":[{"count":0,"href":"https:\/\/www.gpas.at\/index.php?rest_route=\/wp\/v2\/pages\/251\/revisions"}],"wp:attachment":[{"href":"https:\/\/www.gpas.at\/index.php?rest_route=%2Fwp%2Fv2%2Fmedia&parent=251"}],"curies":[{"name":"wp","href":"https:\/\/api.w.org\/{rel}","templated":true}]}}