{"id":254,"date":"2018-02-18T16:10:01","date_gmt":"2018-02-18T15:10:01","guid":{"rendered":"http:\/\/test.gpas.at\/?page_id=254"},"modified":"2018-04-12T13:16:12","modified_gmt":"2018-04-12T11:16:12","slug":"ostarrichislam","status":"publish","type":"page","link":"https:\/\/www.gpas.at\/?page_id=254","title":{"rendered":"Ostarrichislam"},"content":{"rendered":"<h4><strong>Die Stiftung als F\u00f6rdergeberin<\/strong><\/h4>\n<p><img fetchpriority=\"high\" decoding=\"async\" class=\"wp-image-255 size-medium alignleft\" src=\"https:\/\/www.gpas.at\/wp-content\/uploads\/2018\/02\/10_cover-219x300.jpg\" alt=\"\" width=\"219\" height=\"300\" srcset=\"https:\/\/www.gpas.at\/wp-content\/uploads\/2018\/02\/10_cover-219x300.jpg 219w, https:\/\/www.gpas.at\/wp-content\/uploads\/2018\/02\/10_cover-100x137.jpg 100w, https:\/\/www.gpas.at\/wp-content\/uploads\/2018\/02\/10_cover.jpg 730w\" sizes=\"(max-width: 219px) 100vw, 219px\" \/><\/p>\n<p>Mit dem Projekt \u201eOstarrichislam. Fragmente 800-j\u00e4hriger gemeinsamer Geschichte\u201c wurde Licht auf einen wenig bekannten Teil der Geschichte \u00d6sterreichs geworfen und die Sch\u00f6nheit und Verwobenheit dieser islamischen Mitpr\u00e4gung \u00d6sterreichs anschaulich und erlebbar gemacht.<\/p>\n<p>Dabei kam durchaus \u00dcberraschendes zum Vorschein: Jahrhundertealte Kirchen im Herzen von Wien oder in den steirischen Bergen weisen islamische Elemente auf, Moscheen wurden als Gartenpavillons in der Barockzeit in katholischen Stiften errichtet, viele Wiener mit \u00f6sterreichischen Familiennamen haben osmanische Wurzeln und in der k.u.k Armee k\u00e4mpften Muslime auf Seiten \u00d6sterreichs.<\/p>\n<p>Zum Gedenkjahr des 100-j\u00e4hrigen Bestehens des Islamgesetztes wurde eine Ausstellung samt Ausstellungskatalog konzipiert, die sich diesem Thema annahm und in der VHS Urania mit einer hochrangig besetzten Podiumsdiskussion er\u00f6ffnet wurde. Schon zur Er\u00f6ffnung kamen mehr als 150 Interessierte, die Ausstellung selbst war in weiterer Folge einige Monate kostenfrei \u00f6ffentlich zug\u00e4nglich und stie\u00df auf gro\u00dfes Echo. Die Stiftung fungierte als F\u00f6rdergeberin und pr\u00e4gte somit einen offenen, interkulturellen und interreligi\u00f6sen Dialog, der seinen Blick \u00fcber kriegerische Auseinandersetzungen hinaus auf den gegenseitigen Kunst- und Kulturaustauch wie auf den befruchtenden Handel richtete.<\/p>\n<p>Die Ausstellung wanderte an zahlreiche \u00f6sterreichische Einrichtungen der Erwachsenenbildung (VHS-Urania, Evangelische Akademie etc.), aber auch an Universit\u00e4ten und p\u00e4dagogische Hochschulen im Inland (Innsbruck, Salzburg, Graz etc.) sowie im Ausland (Osnabr\u00fcck). Zuletzt wanderte die Sammlung nach Kuala Lumpur, dort wurde die im Islamic Art Museum pr\u00e4sentierte (\u00fcbersetzte) Ausstellung vom malaysischen Kulturminister sowie dem \u00f6sterreichischen Botschafter vor Ort, Herrn Mag. Christoph Ceska, er\u00f6ffnet.<\/p>\n<div id=\"attachment_290\" style=\"width: 310px\" class=\"wp-caption alignleft\"><img decoding=\"async\" aria-describedby=\"caption-attachment-290\" class=\"wp-image-290 size-medium\" src=\"https:\/\/www.gpas.at\/wp-content\/uploads\/2018\/03\/60780_10151309313518185_1363046034_n-300x200.jpg\" alt=\"\" width=\"300\" height=\"200\" srcset=\"https:\/\/www.gpas.at\/wp-content\/uploads\/2018\/03\/60780_10151309313518185_1363046034_n-300x200.jpg 300w, https:\/\/www.gpas.at\/wp-content\/uploads\/2018\/03\/60780_10151309313518185_1363046034_n-768x511.jpg 768w, https:\/\/www.gpas.at\/wp-content\/uploads\/2018\/03\/60780_10151309313518185_1363046034_n-100x67.jpg 100w, https:\/\/www.gpas.at\/wp-content\/uploads\/2018\/03\/60780_10151309313518185_1363046034_n-865x576.jpg 865w, https:\/\/www.gpas.at\/wp-content\/uploads\/2018\/03\/60780_10151309313518185_1363046034_n.jpg 960w\" sizes=\"(max-width: 300px) 100vw, 300px\" \/><p id=\"caption-attachment-290\" class=\"wp-caption-text\">Er\u00f6ffnungsveranstaltung &#8211; VHS Urania, Wien<\/p><\/div>\n<div id=\"attachment_289\" style=\"width: 279px\" class=\"wp-caption alignleft\"><img decoding=\"async\" aria-describedby=\"caption-attachment-289\" class=\"wp-image-289 \" src=\"https:\/\/www.gpas.at\/wp-content\/uploads\/2018\/03\/IMG_6184-300x225.jpg\" alt=\"\" width=\"269\" height=\"201\" srcset=\"https:\/\/www.gpas.at\/wp-content\/uploads\/2018\/03\/IMG_6184-300x225.jpg 300w, https:\/\/www.gpas.at\/wp-content\/uploads\/2018\/03\/IMG_6184-768x576.jpg 768w, https:\/\/www.gpas.at\/wp-content\/uploads\/2018\/03\/IMG_6184-1024x768.jpg 1024w, https:\/\/www.gpas.at\/wp-content\/uploads\/2018\/03\/IMG_6184-100x75.jpg 100w, https:\/\/www.gpas.at\/wp-content\/uploads\/2018\/03\/IMG_6184-865x649.jpg 865w, https:\/\/www.gpas.at\/wp-content\/uploads\/2018\/03\/IMG_6184-1154x866.jpg 1154w\" sizes=\"(max-width: 269px) 100vw, 269px\" \/><p id=\"caption-attachment-289\" class=\"wp-caption-text\">Ausstellung in Kuala Lumpur<\/p><\/div>\n<div class=\"mceTemp\">&nbsp;<\/div>\n","protected":false},"excerpt":{"rendered":"<p>Die Stiftung als F\u00f6rdergeberin Mit dem Projekt \u201eOstarrichislam. Fragmente 800-j\u00e4hriger gemeinsamer Geschichte\u201c wurde Licht auf einen wenig bekannten Teil der Geschichte \u00d6sterreichs geworfen und die Sch\u00f6nheit und Verwobenheit dieser islamischen Mitpr\u00e4gung \u00d6sterreichs anschaulich und erlebbar &#8230; <a href=\"https:\/\/www.gpas.at\/?page_id=254\" class=\"more-link\">Read More<\/a><\/p>\n","protected":false},"author":1,"featured_media":0,"parent":0,"menu_order":0,"comment_status":"closed","ping_status":"closed","template":"","meta":{"ngg_post_thumbnail":0,"footnotes":""},"class_list":["post-254","page","type-page","status-publish","hentry","no-post-thumbnail"],"_links":{"self":[{"href":"https:\/\/www.gpas.at\/index.php?rest_route=\/wp\/v2\/pages\/254"}],"collection":[{"href":"https:\/\/www.gpas.at\/index.php?rest_route=\/wp\/v2\/pages"}],"about":[{"href":"https:\/\/www.gpas.at\/index.php?rest_route=\/wp\/v2\/types\/page"}],"author":[{"embeddable":true,"href":"https:\/\/www.gpas.at\/index.php?rest_route=\/wp\/v2\/users\/1"}],"replies":[{"embeddable":true,"href":"https:\/\/www.gpas.at\/index.php?rest_route=%2Fwp%2Fv2%2Fcomments&post=254"}],"version-history":[{"count":8,"href":"https:\/\/www.gpas.at\/index.php?rest_route=\/wp\/v2\/pages\/254\/revisions"}],"predecessor-version":[{"id":400,"href":"https:\/\/www.gpas.at\/index.php?rest_route=\/wp\/v2\/pages\/254\/revisions\/400"}],"wp:attachment":[{"href":"https:\/\/www.gpas.at\/index.php?rest_route=%2Fwp%2Fv2%2Fmedia&parent=254"}],"curies":[{"name":"wp","href":"https:\/\/api.w.org\/{rel}","templated":true}]}}