{"id":364,"date":"2018-03-31T16:05:49","date_gmt":"2018-03-31T14:05:49","guid":{"rendered":"http:\/\/test.gpas.at\/?page_id=364"},"modified":"2018-04-12T12:50:55","modified_gmt":"2018-04-12T10:50:55","slug":"impressum","status":"publish","type":"page","link":"https:\/\/www.gpas.at\/?page_id=364","title":{"rendered":"Impressum"},"content":{"rendered":"<div class=\"page\" title=\"Page 8\">\n<div class=\"section\">\n<div class=\"layoutArea\">\n<div class=\"column\">\n<h4>Inhaberin<\/h4>\n<div>Gemeinn\u00fctzige Privatstiftung Anas Schakfeh<\/div>\n<div>Eitnergasse 6 \/ 1230 Wien \/ \u00d6sterreich<\/div>\n<p>&nbsp;<\/p>\n<\/div>\n<div class=\"column\">FN 346684 f<\/div>\n<div class=\"column\">FB-Gericht: Wien<\/div>\n<div class=\"column\">UID-Nr: ATU 65856102<br \/>\nE-Mail: contact(at)gpas.at&nbsp;<\/div>\n<div>&nbsp;<\/div>\n<div class=\"column\">\n<h4>Hinweis<\/h4>\n<p>Die Gemeinn\u00fctzige Privatstiftung &nbsp;Anas Schakfeh \u00fcbernimmt keine Haftung oder Verantwortung f\u00fcr Fehler oder Auslassungen im Inhalt der Website. Die Informationen k\u00f6nnen jederzeit ohne vorherige Ank\u00fcndigung ge\u00e4ndert werden. Die Website und die darin enthaltenen Inhalte und Fotos sind urheberrechtlich gesch\u00fctzt.&nbsp;Sofern nicht anders angegeben, entstammt das Fotomaterial aus dem Archiv der Gemeinn\u00fctzigen Privatstiftung Anas Schakfeh. Druckfehler vorbehalten.&nbsp;In keinem Fall wird f\u00fcr Sch\u00e4den, die sich aus der Verwendung der abgerufenen Information ergeben, eine Haftung \u00fcbernommen.&nbsp;Sie k\u00f6nnen allf\u00e4llige Beschwerde an die oben angegebene E-Mail-Adresse richten.<\/p>\n<\/div>\n<\/div>\n<\/div>\n<\/div>\n","protected":false},"excerpt":{"rendered":"<p>Inhaberin Gemeinn\u00fctzige Privatstiftung Anas Schakfeh Eitnergasse 6 \/ 1230 Wien \/ \u00d6sterreich &nbsp; FN 346684 f FB-Gericht: Wien UID-Nr: ATU 65856102 E-Mail: contact(at)gpas.at&nbsp; &nbsp; Hinweis Die Gemeinn\u00fctzige Privatstiftung &nbsp;Anas Schakfeh \u00fcbernimmt keine Haftung oder Verantwortung &#8230; <a href=\"https:\/\/www.gpas.at\/?page_id=364\" class=\"more-link\">Read More<\/a><\/p>\n","protected":false},"author":1,"featured_media":0,"parent":0,"menu_order":0,"comment_status":"closed","ping_status":"closed","template":"","meta":{"ngg_post_thumbnail":0,"footnotes":""},"class_list":["post-364","page","type-page","status-publish","hentry","no-post-thumbnail"],"_links":{"self":[{"href":"https:\/\/www.gpas.at\/index.php?rest_route=\/wp\/v2\/pages\/364"}],"collection":[{"href":"https:\/\/www.gpas.at\/index.php?rest_route=\/wp\/v2\/pages"}],"about":[{"href":"https:\/\/www.gpas.at\/index.php?rest_route=\/wp\/v2\/types\/page"}],"author":[{"embeddable":true,"href":"https:\/\/www.gpas.at\/index.php?rest_route=\/wp\/v2\/users\/1"}],"replies":[{"embeddable":true,"href":"https:\/\/www.gpas.at\/index.php?rest_route=%2Fwp%2Fv2%2Fcomments&post=364"}],"version-history":[{"count":6,"href":"https:\/\/www.gpas.at\/index.php?rest_route=\/wp\/v2\/pages\/364\/revisions"}],"predecessor-version":[{"id":393,"href":"https:\/\/www.gpas.at\/index.php?rest_route=\/wp\/v2\/pages\/364\/revisions\/393"}],"wp:attachment":[{"href":"https:\/\/www.gpas.at\/index.php?rest_route=%2Fwp%2Fv2%2Fmedia&parent=364"}],"curies":[{"name":"wp","href":"https:\/\/api.w.org\/{rel}","templated":true}]}}