{"id":739,"date":"2024-09-09T19:21:11","date_gmt":"2024-09-09T17:21:11","guid":{"rendered":"https:\/\/www.gpas.at\/?page_id=739"},"modified":"2024-09-15T17:33:30","modified_gmt":"2024-09-15T15:33:30","slug":"anas-schakfeh-preis-2024","status":"publish","type":"page","link":"https:\/\/www.gpas.at\/?page_id=739","title":{"rendered":"Anas Schakfeh Preis 2024"},"content":{"rendered":"<h4 style=\"text-align: left;\"><strong data-rich-text-format-boundary=\"true\">Erstmalige Verleihung des Anas Schakfeh Preises unter der Schirmherrschaft von Nationalratspr\u00e4sident Mag. Wolfgang Sobotka<\/strong><\/h4>\n<p style=\"text-align: left;\">&nbsp;<\/p>\n\n\n<p><em>\u00d6sterreichische Akademie der Wissenschaften (Wien, am 09.09.2024) &#8211; Unter der Schirmherrschaft des Nationalratspr\u00e4sidenten Mag. Wolfgang Sobotka verlieh die Gemeinn\u00fctzige Privatstiftung Anas Schakfeh (GPAS) heute im Rahmen eines Festaktes zum ersten Mal den \u201eAnas Schakfeh Preis\u201c.<\/em><\/p>\n\n\n\n<p>Die Preise wurden in drei Haupt- und einer Sonderkategorie verliehen.&nbsp;<strong>Dr.in Elvira Welzig<\/strong>&nbsp;ist Preistr\u00e4gerin in der Kategorie \u201eVerdienste um Frauenf\u00f6rderung und deren Beteiligung an der Gesellschaft\u201c. Univ.-Prof. Dr. Peter Ertl, Vizerektor f\u00fcr Forschung, Innovation und Internationales an der TU Wien hielt die Laudatio.&nbsp;<strong>Univ.-Prof.in Dr.in Susanne Heine<\/strong>&nbsp;erhielt den Preis in der Kategorie \u201eVerdienste um den Islam und die Partizipation von Musliminnen und Muslimen in \u00d6sterreich und Europa\u201c. Als Laudator fungierte Univ.-Prof. Dr. R\u00fcdiger Lohlker, Professor f\u00fcr Islamwissenschaft an der Universit\u00e4t Wien. In der Kategorie \u201eVerdienste um Menschenrechte, Demokratie und F\u00f6rderung der Rechtsstaatlichkeit\u201c wurde&nbsp;<strong>Dr.in Judith Kohlenberger<\/strong>&nbsp;ausgezeichnet. Die Laudatio hielt der mehrfach ausgezeichnete Kammerschauspieler Cornelius Obonya. Durch den Sonderpreis wurde<strong>&nbsp;Univ.-Prof. DDr. Peter St\u00f6ger&nbsp;<\/strong>\u201ein Anerkennung seines au\u00dferordentlichen Wirkens auf dem Gebiet des interkulturellen und wissenschaftlichen Austausches und in Anerkennung seines unerm\u00fcdlichen Einsatzes auf dem Gebiet des interreligi\u00f6sen und interkulturellen Dialogs\u201c postum gew\u00fcrdigt. Mag.a Amena Shakir, Leiterin Interdisziplin\u00e4re Forschungsstelle Islam und Muslim:innen in Europa (IFIME) an der SFU Wien, ehrte in ihrer Laudatio sein Lebenswerk. Das Preisgeld wurde von der St. Anna Kinderkrebsforschung entgegengenommen und wird der Forschung zugutekommen.&nbsp;<\/p>\n\n\n\n<p>Die feierliche Zeremonie er\u00f6ffnete Dr.in Amani Abuzahra, Co- Vorsitzende des wissenschaftlichen Beirats der GPAS. Prof. Anas Schakfeh, Namensgeber des Preises, hob die Bedeutung der Themen der drei Preiskategorien f\u00fcr sich pers\u00f6nlich und f\u00fcr die GPAS hervor und bedankte sich f\u00fcr die besonderen Leistungen der Preistr\u00e4ger:innen. Schirmherr Nationalratspr\u00e4sident Mag. Wolfgang Sobotka betonte, dass jeder Einzelne einen wichtigen Beitrag f\u00fcr ein gerechtes \u00d6sterreich leisten kann.&nbsp;<\/p>\n\n\n\n<p>Der Anas Schakfeh Preis ehrt Pers\u00f6nlichkeiten, die sich in herausragender Weise f\u00fcr die F\u00f6rderung von Menschenw\u00fcrde, Freiheit und Gleichheit einsetzen und den Zusammenhalt in unserer Gesellschaft st\u00e4rken. Alle zwei Jahre wird dieser renommierte Preis an f\u00fchrende Pers\u00f6nlichkeiten, Innovator:innen, Wissenschaftler:innen oder Institutionen verliehen, die bedeutende Leistungen in den Preiskategorien erzielt haben.&nbsp;<\/p>\n\n\n\n<p>Die Auszeichnung w\u00fcrdigt nicht nur individuelle Leistungen, sondern ist als ein Impuls zu verstehen, sich verst\u00e4rkt den Themen zu widmen, die Professor Anas Schakfeh besonders am Herzen liegen, um die Welt zu einem besseren Ort zu machen. Die Preisverleihung fand in Anwesenheit zahlreicher prominenter G\u00e4ste aus Wissenschaft, Wirtschaft, Politik, Kunst und Kultur statt.<\/p>\n\n\n\n<p class=\"has-text-align-left\"><\/p>\n\n\n\n<figure class=\"wp-block-gallery has-nested-images columns-default is-cropped wp-block-gallery-1 is-layout-flex wp-block-gallery-is-layout-flex\">\n<figure class=\"wp-block-image size-large\"><img fetchpriority=\"high\" decoding=\"async\" width=\"2560\" height=\"1707\" data-id=\"778\" src=\"https:\/\/www.gpas.at\/wp-content\/uploads\/2024\/09\/AS_0924-205234-1-scaled.jpg\" alt=\"\" class=\"wp-image-778\" srcset=\"https:\/\/www.gpas.at\/wp-content\/uploads\/2024\/09\/AS_0924-205234-1-scaled.jpg 2560w, https:\/\/www.gpas.at\/wp-content\/uploads\/2024\/09\/AS_0924-205234-1-300x200.jpg 300w, https:\/\/www.gpas.at\/wp-content\/uploads\/2024\/09\/AS_0924-205234-1-1024x683.jpg 1024w, https:\/\/www.gpas.at\/wp-content\/uploads\/2024\/09\/AS_0924-205234-1-768x512.jpg 768w, https:\/\/www.gpas.at\/wp-content\/uploads\/2024\/09\/AS_0924-205234-1-1536x1024.jpg 1536w, https:\/\/www.gpas.at\/wp-content\/uploads\/2024\/09\/AS_0924-205234-1-2048x1365.jpg 2048w, https:\/\/www.gpas.at\/wp-content\/uploads\/2024\/09\/AS_0924-205234-1-100x67.jpg 100w, https:\/\/www.gpas.at\/wp-content\/uploads\/2024\/09\/AS_0924-205234-1-865x577.jpg 865w, https:\/\/www.gpas.at\/wp-content\/uploads\/2024\/09\/AS_0924-205234-1-1154x769.jpg 1154w\" sizes=\"(max-width: 2560px) 100vw, 2560px\" \/><figcaption>Jury-Mitglieder, Preistr\u00e4ger:Innen und Laudator:innen<\/figcaption><\/figure>\n\n\n\n<figure class=\"wp-block-image size-large\"><img decoding=\"async\" width=\"2560\" height=\"1707\" data-id=\"777\" src=\"https:\/\/www.gpas.at\/wp-content\/uploads\/2024\/09\/AS_0924-205033-1-scaled.jpg\" alt=\"\" class=\"wp-image-777\" srcset=\"https:\/\/www.gpas.at\/wp-content\/uploads\/2024\/09\/AS_0924-205033-1-scaled.jpg 2560w, https:\/\/www.gpas.at\/wp-content\/uploads\/2024\/09\/AS_0924-205033-1-300x200.jpg 300w, https:\/\/www.gpas.at\/wp-content\/uploads\/2024\/09\/AS_0924-205033-1-1024x683.jpg 1024w, https:\/\/www.gpas.at\/wp-content\/uploads\/2024\/09\/AS_0924-205033-1-768x512.jpg 768w, https:\/\/www.gpas.at\/wp-content\/uploads\/2024\/09\/AS_0924-205033-1-1536x1024.jpg 1536w, https:\/\/www.gpas.at\/wp-content\/uploads\/2024\/09\/AS_0924-205033-1-2048x1365.jpg 2048w, https:\/\/www.gpas.at\/wp-content\/uploads\/2024\/09\/AS_0924-205033-1-100x67.jpg 100w, https:\/\/www.gpas.at\/wp-content\/uploads\/2024\/09\/AS_0924-205033-1-865x577.jpg 865w, https:\/\/www.gpas.at\/wp-content\/uploads\/2024\/09\/AS_0924-205033-1-1154x769.jpg 1154w\" sizes=\"(max-width: 2560px) 100vw, 2560px\" \/><\/figure>\n\n\n\n<figure class=\"wp-block-image size-large\"><img decoding=\"async\" width=\"2560\" height=\"1707\" data-id=\"776\" src=\"https:\/\/www.gpas.at\/wp-content\/uploads\/2024\/09\/AS_0924-203959-1-scaled.jpg\" alt=\"\" class=\"wp-image-776\" srcset=\"https:\/\/www.gpas.at\/wp-content\/uploads\/2024\/09\/AS_0924-203959-1-scaled.jpg 2560w, https:\/\/www.gpas.at\/wp-content\/uploads\/2024\/09\/AS_0924-203959-1-300x200.jpg 300w, https:\/\/www.gpas.at\/wp-content\/uploads\/2024\/09\/AS_0924-203959-1-1024x683.jpg 1024w, https:\/\/www.gpas.at\/wp-content\/uploads\/2024\/09\/AS_0924-203959-1-768x512.jpg 768w, https:\/\/www.gpas.at\/wp-content\/uploads\/2024\/09\/AS_0924-203959-1-1536x1024.jpg 1536w, https:\/\/www.gpas.at\/wp-content\/uploads\/2024\/09\/AS_0924-203959-1-2048x1365.jpg 2048w, https:\/\/www.gpas.at\/wp-content\/uploads\/2024\/09\/AS_0924-203959-1-100x67.jpg 100w, https:\/\/www.gpas.at\/wp-content\/uploads\/2024\/09\/AS_0924-203959-1-865x577.jpg 865w, https:\/\/www.gpas.at\/wp-content\/uploads\/2024\/09\/AS_0924-203959-1-1154x769.jpg 1154w\" sizes=\"(max-width: 2560px) 100vw, 2560px\" \/><figcaption>Prof. DDr. Peter St\u00f6ger (postum)<\/figcaption><\/figure>\n\n\n\n<figure class=\"wp-block-image size-large\"><img loading=\"lazy\" decoding=\"async\" width=\"2560\" height=\"1707\" data-id=\"774\" src=\"https:\/\/www.gpas.at\/wp-content\/uploads\/2024\/09\/AS_0924-201933-1-scaled.jpg\" alt=\"\" class=\"wp-image-774\" srcset=\"https:\/\/www.gpas.at\/wp-content\/uploads\/2024\/09\/AS_0924-201933-1-scaled.jpg 2560w, https:\/\/www.gpas.at\/wp-content\/uploads\/2024\/09\/AS_0924-201933-1-300x200.jpg 300w, https:\/\/www.gpas.at\/wp-content\/uploads\/2024\/09\/AS_0924-201933-1-1024x683.jpg 1024w, https:\/\/www.gpas.at\/wp-content\/uploads\/2024\/09\/AS_0924-201933-1-768x512.jpg 768w, https:\/\/www.gpas.at\/wp-content\/uploads\/2024\/09\/AS_0924-201933-1-1536x1024.jpg 1536w, https:\/\/www.gpas.at\/wp-content\/uploads\/2024\/09\/AS_0924-201933-1-2048x1365.jpg 2048w, https:\/\/www.gpas.at\/wp-content\/uploads\/2024\/09\/AS_0924-201933-1-100x67.jpg 100w, https:\/\/www.gpas.at\/wp-content\/uploads\/2024\/09\/AS_0924-201933-1-865x577.jpg 865w, https:\/\/www.gpas.at\/wp-content\/uploads\/2024\/09\/AS_0924-201933-1-1154x769.jpg 1154w\" sizes=\"(max-width: 2560px) 100vw, 2560px\" \/><figcaption>Dr. Judith Kohlenberger<\/figcaption><\/figure>\n\n\n\n<figure class=\"wp-block-image size-large\"><img loading=\"lazy\" decoding=\"async\" width=\"2560\" height=\"1707\" data-id=\"773\" src=\"https:\/\/www.gpas.at\/wp-content\/uploads\/2024\/09\/AS_0924-201838-1-scaled.jpg\" alt=\"\" class=\"wp-image-773\" srcset=\"https:\/\/www.gpas.at\/wp-content\/uploads\/2024\/09\/AS_0924-201838-1-scaled.jpg 2560w, https:\/\/www.gpas.at\/wp-content\/uploads\/2024\/09\/AS_0924-201838-1-300x200.jpg 300w, https:\/\/www.gpas.at\/wp-content\/uploads\/2024\/09\/AS_0924-201838-1-1024x683.jpg 1024w, https:\/\/www.gpas.at\/wp-content\/uploads\/2024\/09\/AS_0924-201838-1-768x512.jpg 768w, https:\/\/www.gpas.at\/wp-content\/uploads\/2024\/09\/AS_0924-201838-1-1536x1024.jpg 1536w, https:\/\/www.gpas.at\/wp-content\/uploads\/2024\/09\/AS_0924-201838-1-2048x1365.jpg 2048w, https:\/\/www.gpas.at\/wp-content\/uploads\/2024\/09\/AS_0924-201838-1-100x67.jpg 100w, https:\/\/www.gpas.at\/wp-content\/uploads\/2024\/09\/AS_0924-201838-1-865x577.jpg 865w, https:\/\/www.gpas.at\/wp-content\/uploads\/2024\/09\/AS_0924-201838-1-1154x769.jpg 1154w\" sizes=\"(max-width: 2560px) 100vw, 2560px\" \/><\/figure>\n\n\n\n<figure class=\"wp-block-image size-large\"><img loading=\"lazy\" decoding=\"async\" width=\"2560\" height=\"1707\" data-id=\"772\" src=\"https:\/\/www.gpas.at\/wp-content\/uploads\/2024\/09\/AS_0924-194849-1-scaled.jpg\" alt=\"\" class=\"wp-image-772\" srcset=\"https:\/\/www.gpas.at\/wp-content\/uploads\/2024\/09\/AS_0924-194849-1-scaled.jpg 2560w, https:\/\/www.gpas.at\/wp-content\/uploads\/2024\/09\/AS_0924-194849-1-300x200.jpg 300w, https:\/\/www.gpas.at\/wp-content\/uploads\/2024\/09\/AS_0924-194849-1-1024x683.jpg 1024w, https:\/\/www.gpas.at\/wp-content\/uploads\/2024\/09\/AS_0924-194849-1-768x512.jpg 768w, https:\/\/www.gpas.at\/wp-content\/uploads\/2024\/09\/AS_0924-194849-1-1536x1024.jpg 1536w, https:\/\/www.gpas.at\/wp-content\/uploads\/2024\/09\/AS_0924-194849-1-2048x1365.jpg 2048w, https:\/\/www.gpas.at\/wp-content\/uploads\/2024\/09\/AS_0924-194849-1-100x67.jpg 100w, https:\/\/www.gpas.at\/wp-content\/uploads\/2024\/09\/AS_0924-194849-1-865x577.jpg 865w, https:\/\/www.gpas.at\/wp-content\/uploads\/2024\/09\/AS_0924-194849-1-1154x769.jpg 1154w\" sizes=\"(max-width: 2560px) 100vw, 2560px\" \/><figcaption>Prof. Dr. Susanne Heine<\/figcaption><\/figure>\n\n\n\n<figure class=\"wp-block-image size-large\"><img loading=\"lazy\" decoding=\"async\" width=\"2560\" height=\"1707\" data-id=\"771\" src=\"https:\/\/www.gpas.at\/wp-content\/uploads\/2024\/09\/AS_0924-194801-1-scaled.jpg\" alt=\"\" class=\"wp-image-771\" srcset=\"https:\/\/www.gpas.at\/wp-content\/uploads\/2024\/09\/AS_0924-194801-1-scaled.jpg 2560w, https:\/\/www.gpas.at\/wp-content\/uploads\/2024\/09\/AS_0924-194801-1-300x200.jpg 300w, https:\/\/www.gpas.at\/wp-content\/uploads\/2024\/09\/AS_0924-194801-1-1024x683.jpg 1024w, https:\/\/www.gpas.at\/wp-content\/uploads\/2024\/09\/AS_0924-194801-1-768x512.jpg 768w, https:\/\/www.gpas.at\/wp-content\/uploads\/2024\/09\/AS_0924-194801-1-1536x1024.jpg 1536w, https:\/\/www.gpas.at\/wp-content\/uploads\/2024\/09\/AS_0924-194801-1-2048x1365.jpg 2048w, https:\/\/www.gpas.at\/wp-content\/uploads\/2024\/09\/AS_0924-194801-1-100x67.jpg 100w, https:\/\/www.gpas.at\/wp-content\/uploads\/2024\/09\/AS_0924-194801-1-865x577.jpg 865w, https:\/\/www.gpas.at\/wp-content\/uploads\/2024\/09\/AS_0924-194801-1-1154x769.jpg 1154w\" sizes=\"(max-width: 2560px) 100vw, 2560px\" \/><\/figure>\n\n\n\n<figure class=\"wp-block-image size-large\"><img loading=\"lazy\" decoding=\"async\" width=\"2560\" height=\"1707\" data-id=\"770\" src=\"https:\/\/www.gpas.at\/wp-content\/uploads\/2024\/09\/AS_0924-192952-1-scaled.jpg\" alt=\"\" class=\"wp-image-770\" srcset=\"https:\/\/www.gpas.at\/wp-content\/uploads\/2024\/09\/AS_0924-192952-1-scaled.jpg 2560w, https:\/\/www.gpas.at\/wp-content\/uploads\/2024\/09\/AS_0924-192952-1-300x200.jpg 300w, https:\/\/www.gpas.at\/wp-content\/uploads\/2024\/09\/AS_0924-192952-1-1024x683.jpg 1024w, https:\/\/www.gpas.at\/wp-content\/uploads\/2024\/09\/AS_0924-192952-1-768x512.jpg 768w, https:\/\/www.gpas.at\/wp-content\/uploads\/2024\/09\/AS_0924-192952-1-1536x1024.jpg 1536w, https:\/\/www.gpas.at\/wp-content\/uploads\/2024\/09\/AS_0924-192952-1-2048x1365.jpg 2048w, https:\/\/www.gpas.at\/wp-content\/uploads\/2024\/09\/AS_0924-192952-1-100x67.jpg 100w, https:\/\/www.gpas.at\/wp-content\/uploads\/2024\/09\/AS_0924-192952-1-865x577.jpg 865w, https:\/\/www.gpas.at\/wp-content\/uploads\/2024\/09\/AS_0924-192952-1-1154x769.jpg 1154w\" sizes=\"(max-width: 2560px) 100vw, 2560px\" \/><figcaption>Dr. Elvira Welzig<\/figcaption><\/figure>\n\n\n\n<figure class=\"wp-block-image size-large\"><img loading=\"lazy\" decoding=\"async\" width=\"2560\" height=\"1707\" data-id=\"769\" src=\"https:\/\/www.gpas.at\/wp-content\/uploads\/2024\/09\/AS_0924-192922-1-scaled.jpg\" alt=\"\" class=\"wp-image-769\" srcset=\"https:\/\/www.gpas.at\/wp-content\/uploads\/2024\/09\/AS_0924-192922-1-scaled.jpg 2560w, https:\/\/www.gpas.at\/wp-content\/uploads\/2024\/09\/AS_0924-192922-1-300x200.jpg 300w, https:\/\/www.gpas.at\/wp-content\/uploads\/2024\/09\/AS_0924-192922-1-1024x683.jpg 1024w, https:\/\/www.gpas.at\/wp-content\/uploads\/2024\/09\/AS_0924-192922-1-768x512.jpg 768w, https:\/\/www.gpas.at\/wp-content\/uploads\/2024\/09\/AS_0924-192922-1-1536x1024.jpg 1536w, https:\/\/www.gpas.at\/wp-content\/uploads\/2024\/09\/AS_0924-192922-1-2048x1365.jpg 2048w, https:\/\/www.gpas.at\/wp-content\/uploads\/2024\/09\/AS_0924-192922-1-100x67.jpg 100w, https:\/\/www.gpas.at\/wp-content\/uploads\/2024\/09\/AS_0924-192922-1-865x577.jpg 865w, https:\/\/www.gpas.at\/wp-content\/uploads\/2024\/09\/AS_0924-192922-1-1154x769.jpg 1154w\" sizes=\"(max-width: 2560px) 100vw, 2560px\" \/><\/figure>\n<\/figure>\n\n\n\n<p>Anas Schakfeh Preisverleihung 2024<br>Fotocredits: Suna Films<\/p>\n\n\n\n<div class=\"wp-block-columns is-layout-flex wp-container-core-columns-is-layout-1 wp-block-columns-is-layout-flex\">\n<div class=\"wp-block-column is-layout-flow wp-block-column-is-layout-flow\" style=\"flex-basis:100%\"><\/div>\n<\/div>\n","protected":false},"excerpt":{"rendered":"<p>Erstmalige Verleihung des Anas Schakfeh Preises unter der Schirmherrschaft von Nationalratspr\u00e4sident Mag. Wolfgang Sobotka &nbsp; \u00d6sterreichische Akademie der Wissenschaften (Wien, am 09.09.2024) &#8211; Unter der Schirmherrschaft des Nationalratspr\u00e4sidenten Mag. Wolfgang Sobotka verlieh die Gemeinn\u00fctzige Privatstiftung &#8230; <a href=\"https:\/\/www.gpas.at\/?page_id=739\" class=\"more-link\">Read More<\/a><\/p>\n","protected":false},"author":1,"featured_media":778,"parent":0,"menu_order":0,"comment_status":"closed","ping_status":"closed","template":"template-blank-1.php","meta":{"ngg_post_thumbnail":0,"footnotes":""},"class_list":["post-739","page","type-page","status-publish","has-post-thumbnail","hentry"],"_links":{"self":[{"href":"https:\/\/www.gpas.at\/index.php?rest_route=\/wp\/v2\/pages\/739"}],"collection":[{"href":"https:\/\/www.gpas.at\/index.php?rest_route=\/wp\/v2\/pages"}],"about":[{"href":"https:\/\/www.gpas.at\/index.php?rest_route=\/wp\/v2\/types\/page"}],"author":[{"embeddable":true,"href":"https:\/\/www.gpas.at\/index.php?rest_route=\/wp\/v2\/users\/1"}],"replies":[{"embeddable":true,"href":"https:\/\/www.gpas.at\/index.php?rest_route=%2Fwp%2Fv2%2Fcomments&post=739"}],"version-history":[{"count":22,"href":"https:\/\/www.gpas.at\/index.php?rest_route=\/wp\/v2\/pages\/739\/revisions"}],"predecessor-version":[{"id":1059,"href":"https:\/\/www.gpas.at\/index.php?rest_route=\/wp\/v2\/pages\/739\/revisions\/1059"}],"wp:featuredmedia":[{"embeddable":true,"href":"https:\/\/www.gpas.at\/index.php?rest_route=\/wp\/v2\/media\/778"}],"wp:attachment":[{"href":"https:\/\/www.gpas.at\/index.php?rest_route=%2Fwp%2Fv2%2Fmedia&parent=739"}],"curies":[{"name":"wp","href":"https:\/\/api.w.org\/{rel}","templated":true}]}}