{"id":93,"date":"2017-12-25T00:00:07","date_gmt":"2017-12-24T23:00:07","guid":{"rendered":"http:\/\/test.gpas.at\/?page_id=93"},"modified":"2025-12-12T14:23:10","modified_gmt":"2025-12-12T13:23:10","slug":"ueber-uns","status":"publish","type":"page","link":"https:\/\/www.gpas.at\/?page_id=93","title":{"rendered":"Vorstand"},"content":{"rendered":"<p>Der Vorstand ist das zentrale und unmittelbare Leitungsorgan der Stiftung. Ihm obliegt die administrative, finanzielle und verm\u00f6gensbezogene Verwaltung aller Angelegenheiten der Stiftung. Er ist die organschaftliche Vertretung der Stiftung&nbsp; nach au\u00dfen hin. Dar\u00fcber hinaus ist der Vorstand mit der Vorbereitung des kulturellen, k\u00fcnstlerischen und gesellschaftlichen Jahresprogramms der Stiftung betraut und f\u00fcr dessen Umsetzung nach seiner Genehmigung durch den Beirat verantwortlich. Der Vorstand bestellt und enthebt die\/den Gesch\u00e4ftsf\u00fchrer\/in und alle anderen Angestellten und ehrenamtlichen Mitarbeiter der Stiftung.<\/p>\n<p>&nbsp;<\/p>\n<p><strong>&nbsp;<\/strong><\/p>\n","protected":false},"excerpt":{"rendered":"<p>Der Vorstand ist das zentrale und unmittelbare Leitungsorgan der Stiftung. Ihm obliegt die administrative, finanzielle und verm\u00f6gensbezogene Verwaltung aller Angelegenheiten der Stiftung. Er ist die organschaftliche Vertretung der Stiftung&nbsp; nach au\u00dfen hin. Dar\u00fcber hinaus ist &#8230; <a href=\"https:\/\/www.gpas.at\/?page_id=93\" class=\"more-link\">Read More<\/a><\/p>\n","protected":false},"author":1,"featured_media":0,"parent":0,"menu_order":0,"comment_status":"closed","ping_status":"closed","template":"","meta":{"ngg_post_thumbnail":0,"footnotes":""},"class_list":["post-93","page","type-page","status-publish","hentry","no-post-thumbnail"],"_links":{"self":[{"href":"https:\/\/www.gpas.at\/index.php?rest_route=\/wp\/v2\/pages\/93"}],"collection":[{"href":"https:\/\/www.gpas.at\/index.php?rest_route=\/wp\/v2\/pages"}],"about":[{"href":"https:\/\/www.gpas.at\/index.php?rest_route=\/wp\/v2\/types\/page"}],"author":[{"embeddable":true,"href":"https:\/\/www.gpas.at\/index.php?rest_route=\/wp\/v2\/users\/1"}],"replies":[{"embeddable":true,"href":"https:\/\/www.gpas.at\/index.php?rest_route=%2Fwp%2Fv2%2Fcomments&post=93"}],"version-history":[{"count":20,"href":"https:\/\/www.gpas.at\/index.php?rest_route=\/wp\/v2\/pages\/93\/revisions"}],"predecessor-version":[{"id":1140,"href":"https:\/\/www.gpas.at\/index.php?rest_route=\/wp\/v2\/pages\/93\/revisions\/1140"}],"wp:attachment":[{"href":"https:\/\/www.gpas.at\/index.php?rest_route=%2Fwp%2Fv2%2Fmedia&parent=93"}],"curies":[{"name":"wp","href":"https:\/\/api.w.org\/{rel}","templated":true}]}}